{"id":49,"date":"2018-07-23T09:04:26","date_gmt":"2018-07-23T09:04:26","guid":{"rendered":"https:\/\/ujaeconlab.com\/?page_id=49"},"modified":"2026-01-15T07:54:24","modified_gmt":"2026-01-15T07:54:24","slug":"blog","status":"publish","type":"page","link":"https:\/\/ujaeconlab.com\/index.php\/blog\/","title":{"rendered":"Resultados de nuestros experimentos"},"content":{"rendered":"\n<figure class=\"wp-block-image size-large\"><img decoding=\"async\" loading=\"lazy\" width=\"819\" height=\"1024\" src=\"https:\/\/ujaeconlab.com\/wp-content\/uploads\/2026\/01\/Poster-ICERI-2024_page-0001-819x1024.jpg\" alt=\"\" class=\"wp-image-371\" srcset=\"https:\/\/ujaeconlab.com\/wp-content\/uploads\/2026\/01\/Poster-ICERI-2024_page-0001-819x1024.jpg 819w, https:\/\/ujaeconlab.com\/wp-content\/uploads\/2026\/01\/Poster-ICERI-2024_page-0001-240x300.jpg 240w, https:\/\/ujaeconlab.com\/wp-content\/uploads\/2026\/01\/Poster-ICERI-2024_page-0001-768x960.jpg 768w, https:\/\/ujaeconlab.com\/wp-content\/uploads\/2026\/01\/Poster-ICERI-2024_page-0001-1229x1536.jpg 1229w, https:\/\/ujaeconlab.com\/wp-content\/uploads\/2026\/01\/Poster-ICERI-2024_page-0001-1232x1540.jpg 1232w, https:\/\/ujaeconlab.com\/wp-content\/uploads\/2026\/01\/Poster-ICERI-2024_page-0001-864x1080.jpg 864w, https:\/\/ujaeconlab.com\/wp-content\/uploads\/2026\/01\/Poster-ICERI-2024_page-0001.jpg 1404w\" sizes=\"(max-width: 819px) 100vw, 819px\" \/><\/figure>\n\n\n<p><a href=\"https:\/\/ujaeconlab.com\/wp-content\/uploads\/2020\/02\/ANEXO-V_Perfil-academico.pdf\">El trabajo en equipo seg\u00fan el perfil acad\u00e9mico del alumnado de la UJA<\/a><\/p>\n<p><a href=\"https:\/\/ujaeconlab.com\/wp-content\/uploads\/2020\/02\/ANEXO-VI_Perfil-academico2.pdf\">El trabajo en equipo seg\u00fan el perfil acad\u00e9mico del alumnado UJA (II)<\/a><\/p>\n<p><a href=\"https:\/\/ujaeconlab.com\/wp-content\/uploads\/2020\/02\/ANEXO-IV_Cooperacion-y-competicion.pdf\">Cooperaci\u00f3n y competici\u00f3n<\/a><\/p>\n<p><a href=\"https:\/\/ujaeconlab.com\/wp-content\/uploads\/2024\/05\/Liderazgo-con-y-sin-comunicacion.pdf\">Liderazgo con y sin comunicaci\u00f3n<\/a><\/p>","protected":false},"excerpt":{"rendered":"<p>El trabajo en equipo seg\u00fan el perfil acad\u00e9mico del alumnado de la UJA El trabajo en equipo seg\u00fan el perfil acad\u00e9mico del alumnado UJA (II) Cooperaci\u00f3n y competici\u00f3n Liderazgo con&nbsp;&hellip;<\/p>\n","protected":false},"author":1,"featured_media":41,"parent":0,"menu_order":0,"comment_status":"closed","ping_status":"closed","template":"","meta":{"footnotes":""},"_links":{"self":[{"href":"https:\/\/ujaeconlab.com\/index.php\/wp-json\/wp\/v2\/pages\/49"}],"collection":[{"href":"https:\/\/ujaeconlab.com\/index.php\/wp-json\/wp\/v2\/pages"}],"about":[{"href":"https:\/\/ujaeconlab.com\/index.php\/wp-json\/wp\/v2\/types\/page"}],"author":[{"embeddable":true,"href":"https:\/\/ujaeconlab.com\/index.php\/wp-json\/wp\/v2\/users\/1"}],"replies":[{"embeddable":true,"href":"https:\/\/ujaeconlab.com\/index.php\/wp-json\/wp\/v2\/comments?post=49"}],"version-history":[{"count":9,"href":"https:\/\/ujaeconlab.com\/index.php\/wp-json\/wp\/v2\/pages\/49\/revisions"}],"predecessor-version":[{"id":372,"href":"https:\/\/ujaeconlab.com\/index.php\/wp-json\/wp\/v2\/pages\/49\/revisions\/372"}],"wp:featuredmedia":[{"embeddable":true,"href":"https:\/\/ujaeconlab.com\/index.php\/wp-json\/wp\/v2\/media\/41"}],"wp:attachment":[{"href":"https:\/\/ujaeconlab.com\/index.php\/wp-json\/wp\/v2\/media?parent=49"}],"curies":[{"name":"wp","href":"https:\/\/api.w.org\/{rel}","templated":true}]}}