{"id":47,"date":"2018-07-23T09:04:26","date_gmt":"2018-07-23T09:04:26","guid":{"rendered":"https:\/\/ujaeconlab.com\/?page_id=47"},"modified":"2023-09-11T16:14:50","modified_gmt":"2023-09-11T16:14:50","slug":"acerca-de","status":"publish","type":"page","link":"https:\/\/ujaeconlab.com\/index.php\/acerca-de\/","title":{"rendered":"Con\u00f3cenos"},"content":{"rendered":"<p><strong>UJA EEconlab <\/strong>es el Laboratorio de Econom\u00eda Experimental de la Universidad de Ja\u00e9n. Durante el curso acad\u00e9mico se organizan diversos experimentos con el objetivo de plantear problemas de decisi\u00f3n a los alumnos. Estos experimentos permiten a nuestro equipo investigador investigar y contrastar el comportamiento humano con las predicciones de las teor\u00edas econ\u00f3micas. Los experimentos se realizan en las aulas de inform\u00e1tica del edificio A-4 de la Universidad de Ja\u00e9n. Para reclutar a los alumnos, el equipo cuenta con el sistema de reclutamiento ORSEE alojado en el dominio <a href=\"http:\/\/www.reclutamientoujaeconlab.com\"> Reclutamiento UJA EEconlab <\/a>. En este enlace, los alumnos pueden inscribirse en nuestra base de datos para participar en los experimentos.<\/p>\n\n\n<figure class=\"wp-block-table\"><table><tbody><tr><td><br><\/td><\/tr><\/tbody><\/table><\/figure>\n","protected":false},"excerpt":{"rendered":"<p>UJA EEconlab es el Laboratorio de Econom\u00eda Experimental de la Universidad de Ja\u00e9n. Durante el curso acad\u00e9mico se organizan diversos experimentos con el objetivo de plantear problemas de decisi\u00f3n a&nbsp;&hellip;<\/p>\n","protected":false},"author":1,"featured_media":88,"parent":0,"menu_order":0,"comment_status":"closed","ping_status":"closed","template":"","meta":{"footnotes":""},"_links":{"self":[{"href":"https:\/\/ujaeconlab.com\/index.php\/wp-json\/wp\/v2\/pages\/47"}],"collection":[{"href":"https:\/\/ujaeconlab.com\/index.php\/wp-json\/wp\/v2\/pages"}],"about":[{"href":"https:\/\/ujaeconlab.com\/index.php\/wp-json\/wp\/v2\/types\/page"}],"author":[{"embeddable":true,"href":"https:\/\/ujaeconlab.com\/index.php\/wp-json\/wp\/v2\/users\/1"}],"replies":[{"embeddable":true,"href":"https:\/\/ujaeconlab.com\/index.php\/wp-json\/wp\/v2\/comments?post=47"}],"version-history":[{"count":5,"href":"https:\/\/ujaeconlab.com\/index.php\/wp-json\/wp\/v2\/pages\/47\/revisions"}],"predecessor-version":[{"id":286,"href":"https:\/\/ujaeconlab.com\/index.php\/wp-json\/wp\/v2\/pages\/47\/revisions\/286"}],"wp:featuredmedia":[{"embeddable":true,"href":"https:\/\/ujaeconlab.com\/index.php\/wp-json\/wp\/v2\/media\/88"}],"wp:attachment":[{"href":"https:\/\/ujaeconlab.com\/index.php\/wp-json\/wp\/v2\/media?parent=47"}],"curies":[{"name":"wp","href":"https:\/\/api.w.org\/{rel}","templated":true}]}}