{"id":161,"date":"2018-09-04T07:35:33","date_gmt":"2018-09-04T07:35:33","guid":{"rendered":"https:\/\/ujaeconlab.com\/?page_id=161"},"modified":"2018-09-20T11:13:14","modified_gmt":"2018-09-20T11:13:14","slug":"experimentos-online","status":"publish","type":"page","link":"https:\/\/ujaeconlab.com\/index.php\/experimentos-online\/","title":{"rendered":"Experimentos Online"},"content":{"rendered":"<p>Si has sido invitado a un experimento online debes seguir las siguientes instrucciones:<\/p>\n<ol>\n<li>Accede a la invitaci\u00f3n que has recibido por correo, para unirte a la videoconferencia en Hangouts.<\/li>\n<li>Entrar a Hangouts con el correo electr\u00f3nico de la universidad.En la videoconferencia se indicar\u00e1n los detalles del experimento y las instrucciones que tendr\u00e1s que seguir.<\/li>\n<li>Una vez explicadas las instrucciones, podr\u00e1s unirte al experimento pulsando sobre en enlace \u00abAccede a la sesi\u00f3n\u00bb.<\/li>\n<\/ol>\n<p><a href=\"https:\/\/otree-uja.herokuapp.com\/join\/povd45iwic\/\">Accede a la sesi\u00f3n<\/a><\/p>\n","protected":false},"excerpt":{"rendered":"<p>Si has sido invitado a un experimento online debes seguir las siguientes instrucciones: Accede a la invitaci\u00f3n que has recibido por correo, para unirte a la videoconferencia en Hangouts. Entrar&nbsp;&hellip;<\/p>\n","protected":false},"author":1,"featured_media":0,"parent":0,"menu_order":0,"comment_status":"closed","ping_status":"closed","template":"page-templates\/page-with-right-sidebar.php","meta":{"footnotes":""},"_links":{"self":[{"href":"https:\/\/ujaeconlab.com\/index.php\/wp-json\/wp\/v2\/pages\/161"}],"collection":[{"href":"https:\/\/ujaeconlab.com\/index.php\/wp-json\/wp\/v2\/pages"}],"about":[{"href":"https:\/\/ujaeconlab.com\/index.php\/wp-json\/wp\/v2\/types\/page"}],"author":[{"embeddable":true,"href":"https:\/\/ujaeconlab.com\/index.php\/wp-json\/wp\/v2\/users\/1"}],"replies":[{"embeddable":true,"href":"https:\/\/ujaeconlab.com\/index.php\/wp-json\/wp\/v2\/comments?post=161"}],"version-history":[{"count":4,"href":"https:\/\/ujaeconlab.com\/index.php\/wp-json\/wp\/v2\/pages\/161\/revisions"}],"predecessor-version":[{"id":176,"href":"https:\/\/ujaeconlab.com\/index.php\/wp-json\/wp\/v2\/pages\/161\/revisions\/176"}],"wp:attachment":[{"href":"https:\/\/ujaeconlab.com\/index.php\/wp-json\/wp\/v2\/media?parent=161"}],"curies":[{"name":"wp","href":"https:\/\/api.w.org\/{rel}","templated":true}]}}