{"id":139,"date":"2018-07-26T10:01:13","date_gmt":"2018-07-26T10:01:13","guid":{"rendered":"https:\/\/ujaeconlab.com\/?page_id=139"},"modified":"2020-02-27T18:33:47","modified_gmt":"2020-02-27T18:33:47","slug":"software-experimental","status":"publish","type":"page","link":"https:\/\/ujaeconlab.com\/index.php\/software-experimental\/","title":{"rendered":"Software Experimental"},"content":{"rendered":"<p>En nuestros experimentos trabajamos con el software <a href=\"https:\/\/www.ztree.uzh.ch\/en.html\">z-Tree<\/a>\u00a0y <a style=\"color: #50a2eb;\" href=\"https:\/\/www.otree.org\/\">oTree\u00a0<\/a>. Programa para desarrollar y llevar a cabo experimentos econ\u00f3micos. Adem\u00e1s tambi\u00e9n trabajamos con el software \u00a0OTree es un framework basado en Python y Django que nos permite desarrollar experimentos flexibles y portables. Con oTree podemos desarrollar nuestros experimentos desde cualquier dispositivo (port\u00e1til, m\u00f3vil o tablet) y a trav\u00e9s de internet, lo cual nos permite realizar experimentos no presenciales.<\/p>\n<p>UJAEEconlab cuenta tambi\u00e9n con el sistema de reclutamiento <a href=\"http:\/\/www.orsee.org\/web\/\">ORSEE<\/a>. ORSEE es un sistema de reclutamiento basado en web dise\u00f1ado espec\u00edficamente para experimentos econ\u00f3micos. ORSEE est\u00e1 programado usando PHP y utiliza una base de datos MySQL.<\/p>\n","protected":false},"excerpt":{"rendered":"<p>En nuestros experimentos trabajamos con el software z-Tree\u00a0y oTree\u00a0. Programa para desarrollar y llevar a cabo experimentos econ\u00f3micos. Adem\u00e1s tambi\u00e9n trabajamos con el software \u00a0OTree es un framework basado en&nbsp;&hellip;<\/p>\n","protected":false},"author":1,"featured_media":142,"parent":0,"menu_order":0,"comment_status":"closed","ping_status":"closed","template":"page-templates\/page-with-right-sidebar.php","meta":{"footnotes":""},"_links":{"self":[{"href":"https:\/\/ujaeconlab.com\/index.php\/wp-json\/wp\/v2\/pages\/139"}],"collection":[{"href":"https:\/\/ujaeconlab.com\/index.php\/wp-json\/wp\/v2\/pages"}],"about":[{"href":"https:\/\/ujaeconlab.com\/index.php\/wp-json\/wp\/v2\/types\/page"}],"author":[{"embeddable":true,"href":"https:\/\/ujaeconlab.com\/index.php\/wp-json\/wp\/v2\/users\/1"}],"replies":[{"embeddable":true,"href":"https:\/\/ujaeconlab.com\/index.php\/wp-json\/wp\/v2\/comments?post=139"}],"version-history":[{"count":3,"href":"https:\/\/ujaeconlab.com\/index.php\/wp-json\/wp\/v2\/pages\/139\/revisions"}],"predecessor-version":[{"id":143,"href":"https:\/\/ujaeconlab.com\/index.php\/wp-json\/wp\/v2\/pages\/139\/revisions\/143"}],"wp:featuredmedia":[{"embeddable":true,"href":"https:\/\/ujaeconlab.com\/index.php\/wp-json\/wp\/v2\/media\/142"}],"wp:attachment":[{"href":"https:\/\/ujaeconlab.com\/index.php\/wp-json\/wp\/v2\/media?parent=139"}],"curies":[{"name":"wp","href":"https:\/\/api.w.org\/{rel}","templated":true}]}}