{"id":120,"date":"2018-07-26T08:42:16","date_gmt":"2018-07-26T08:42:16","guid":{"rendered":"https:\/\/ujaeconlab.com\/index.php\/materialis\/"},"modified":"2026-01-15T07:48:17","modified_gmt":"2026-01-15T07:48:17","slug":"materialis","status":"publish","type":"page","link":"https:\/\/ujaeconlab.com\/","title":{"rendered":"Inicio"},"content":{"rendered":"<div  id=\"content-24\" class=\"content-7m content-section-spacing-large content-section\" style=\"background-color: #f5fafd;\" data-label=\"Content\" data-id=\"content-7-materialis\" data-export-id=\"content-7-materialis\" data-category=\"content\">\n<div  class=\"gridContainer\">\n<div  class=\"row middle-sm\">\n<div  class=\"col-md-6 col-xs-12 col-sm-6 col-padding-small-xs\">\n\n\n\n<\/div>\n<div  class=\"col-md-5 col-md-offset-1 col-xs-12 col-sm-6 content-left-sm col-padding-small-xs\" data-type=\"column\">\n<h3  class=\"space-bottom\">\u00a1Participa en un experimento!<\/h3>\n<p  class=\"space-top\">Estamos buscando personas como t\u00fa, para que colaboren con nuestra investigaci\u00f3n participando en un experimento econ\u00f3mico. Para participar s\u00f3lo tienes que estar inscrito en www.reclutamientoujaeconlab.com. S\u00f3lo tienes que ser tu mismo y realizar el experimento tomando decisiones seg\u00fan tu criterio. Adem\u00e1s, te pagaremos por tus decisiones. \u00a1No pierdas esta oportunidad de ganar dinero y colaborar con nosotros!<\/p>\n\n<\/div>\n<\/div>\n<\/div>\n<\/div><div  id=\"team-7\" class=\"team-8m content-section content-section-spacing-large\" style=\"background-color: rgb(245, 250, 253); background-image: none;\" data-label=\"Team\" data-id=\"team-8-materialis\" data-export-id=\"team-8-materialis\" data-category=\"team\">\n<div  class=\"gridContainer\">\n<div  class=\"row space-bottom\">\n<div  class=\"section-title-col\" data-type=\"column\">\n<h2  class=\"\">Nuestro grupo de investigaci\u00f3n<\/h2>\n<\/div>\n<\/div>\n<div  class=\"row spaced-cols content-left-sm\" data-type=\"row\">\n<div  class=\"col-sm-12 col-md-6\">\n<div  class=\"row\">\n<div  class=\"col-sm-6 col-md-6\">\n<div  class=\"description-container use-section-text-color\" data-type=\"column\">\n<div  class=\"social-icons-group col-no-padding\" data-type=\"group\">\n<div  class=\"wp-block-group\">\n\n<img loading=\"lazy\"  decoding=\"async\" class=\"alignnone\" src=\"https:\/\/ujaeconlab.com\/wp-content\/uploads\/2020\/02\/Paqui-Jimenez.jpg\" alt=\"\" width=\"130\" height=\"182\">\n<h4 ><\/h4>\n<h4  class=\"wp-block-heading\">Francisca Jim\u00e9nez Jim\u00e9nez<\/h4>\nProfesora Titular Universidad de Ja\u00e9n\n\u00c1rea de Fundamentos del An\u00e1lisis Econ\u00f3mico\n\nResponsable del equipo de investigaci\u00f3n EI_SEJ5_2023\n\n<\/div>\n<\/div>\n<\/div>\n<\/div>\n<\/div>\n&nbsp;\n<div  class=\"row\">\n<div  class=\"col-sm-6 col-md-6\">\n<div  class=\"description-container use-section-text-color\" data-type=\"column\">\n<div  class=\"social-icons-group col-no-padding\" data-type=\"group\">\n<div  class=\"wp-block-group\">\n<div  class=\"wp-block-columns\">\n<div  class=\"wp-block-column\">\n<div  class=\"wp-block-group\">\n<h1 ><img  decoding=\"async\" loading=\"lazy\" class=\"alignnone\" src=\"https:\/\/ujaeconlab.com\/wp-content\/uploads\/2018\/07\/virtudes.jpg\" alt=\"\" width=\"172\" height=\"210\"><\/h1>\n<\/div>\n<\/div>\n<\/div>\n<\/div>\n<\/div>\n<\/div>\n<\/div>\n<\/div>\n<div  class=\"row\">\n<div  class=\"col-sm-6 col-md-6\">\n<div  class=\"description-container use-section-text-color\" data-type=\"column\">\n<div  class=\"social-icons-group col-no-padding\" data-type=\"group\">\n<div  class=\"wp-block-group\">\n<h4 ><\/h4>\n<h4  class=\"wp-block-heading\">Mar\u00eda Virtudes Alba Fern\u00e1ndez<\/h4>\nCatedr\u00e1tica Universidad de Ja\u00e9n\n\nDepartamento de Estad\u00edstica e Investigaci\u00f3n Operativa\n\n<\/div>\n&nbsp;\n\n<\/div>\n&nbsp;\n<div  class=\"social-icons-group col-no-padding\" data-type=\"group\">\n<div  class=\"wp-block-group\">\n<div  class=\"wp-block-columns\">\n<div  class=\"wp-block-column\">\n<h1 ><img  decoding=\"async\" loading=\"lazy\" class=\"alignnone wp-image-135\" src=\"https:\/\/ujaeconlab.com\/wp-content\/uploads\/2018\/07\/cropped-cristina-205x300.png\" alt=\"\" width=\"107\" height=\"157\" srcset=\"https:\/\/ujaeconlab.com\/wp-content\/uploads\/2018\/07\/cropped-cristina-205x300.png 205w, https:\/\/ujaeconlab.com\/wp-content\/uploads\/2018\/07\/cropped-cristina.png 267w\" sizes=\"(max-width: 107px) 100vw, 107px\"><\/h1>\n&nbsp;\n<h4 >Cristina Mart\u00ednez G\u00f3mez<\/h4>\nProfesora Sustituta Interina\n\n\u00c1rea de Fundamentos del An\u00e1lisis Econ\u00f3mico\n\n<\/div>\n<\/div>\n&nbsp;\n\n<\/div>\n<\/div>\n<\/div>\n<\/div>\n<\/div>\n<\/div>\n<\/div>\n<\/div>\n<\/div>","protected":false},"excerpt":{"rendered":"","protected":false},"author":1,"featured_media":0,"parent":0,"menu_order":0,"comment_status":"closed","ping_status":"closed","template":"page-templates\/homepage.php","meta":{"footnotes":""},"_links":{"self":[{"href":"https:\/\/ujaeconlab.com\/index.php\/wp-json\/wp\/v2\/pages\/120"}],"collection":[{"href":"https:\/\/ujaeconlab.com\/index.php\/wp-json\/wp\/v2\/pages"}],"about":[{"href":"https:\/\/ujaeconlab.com\/index.php\/wp-json\/wp\/v2\/types\/page"}],"author":[{"embeddable":true,"href":"https:\/\/ujaeconlab.com\/index.php\/wp-json\/wp\/v2\/users\/1"}],"replies":[{"embeddable":true,"href":"https:\/\/ujaeconlab.com\/index.php\/wp-json\/wp\/v2\/comments?post=120"}],"version-history":[{"count":53,"href":"https:\/\/ujaeconlab.com\/index.php\/wp-json\/wp\/v2\/pages\/120\/revisions"}],"predecessor-version":[{"id":359,"href":"https:\/\/ujaeconlab.com\/index.php\/wp-json\/wp\/v2\/pages\/120\/revisions\/359"}],"wp:attachment":[{"href":"https:\/\/ujaeconlab.com\/index.php\/wp-json\/wp\/v2\/media?parent=120"}],"curies":[{"name":"wp","href":"https:\/\/api.w.org\/{rel}","templated":true}]}}